{"id":100,"date":"2017-06-06T08:00:38","date_gmt":"2017-06-06T08:00:38","guid":{"rendered":"https:\/\/xn--handwrker-z2a.ch\/?page_id=100"},"modified":"2025-01-31T11:38:35","modified_gmt":"2025-01-31T11:38:35","slug":"kontakt","status":"publish","type":"page","link":"https:\/\/handwaerker.ch\/web\/kontakt\/","title":{"rendered":"Kontakt"},"content":{"rendered":"<p>[et_pb_section fb_built=&#8220;1&#8243; fullwidth=&#8220;on&#8220; admin_label=&#8220;Sektion&#8220; _builder_version=&#8220;4.16&#8243; global_colors_info=&#8220;{}&#8220;][et_pb_fullwidth_code admin_label=&#8220;Code f\u00fcr volle Breite&#8220; _builder_version=&#8220;4.16&#8243; global_colors_info=&#8220;{}&#8220;]<div id=\"metaslider-id-111\" style=\"max-width: 1075px;\" class=\"ml-slider-3-108-0 metaslider metaslider-flex metaslider-111 ml-slider ms-theme-default nav-hidden\" role=\"region\" aria-label=\"home\" data-height=\"360\" data-width=\"1075\">\n    <div id=\"metaslider_container_111\">\n        <div id=\"metaslider_111\">\n            <ul class='slides'>\n                <li style=\"display: block; width: 100%;\" class=\"slide-120 ms-image \" aria-roledescription=\"slide\" data-date=\"2017-06-06 11:46:59\" data-filename=\"DSC00101.jpg\" data-slide-type=\"image\"><img loading=\"lazy\" decoding=\"async\" src=\"https:\/\/handwaerker.ch\/web\/wp-content\/uploads\/2017\/06\/DSC00101.jpg\" height=\"360\" width=\"1075\" alt=\"handw\u00e4rker.ch\" class=\"slider-111 slide-120 msDefaultImage\" title=\"handw\u00e4rker.ch\" \/><\/li>\n                <li style=\"display: none; width: 100%;\" class=\"slide-124 ms-image \" aria-roledescription=\"slide\" data-date=\"2017-06-06 11:54:46\" data-filename=\"DSC00098.jpg\" data-slide-type=\"image\"><img loading=\"lazy\" decoding=\"async\" src=\"https:\/\/handwaerker.ch\/web\/wp-content\/uploads\/2017\/06\/DSC00098.jpg\" height=\"360\" width=\"1075\" alt=\"handw\u00e4rker.ch\" class=\"slider-111 slide-124 msDefaultImage\" title=\"handw\u00e4rker.ch\" \/><\/li>\n                <li style=\"display: none; width: 100%;\" class=\"slide-113 ms-image \" aria-roledescription=\"slide\" data-date=\"2017-06-06 11:36:16\" data-filename=\"DSC00125.jpg\" data-slide-type=\"image\"><img loading=\"lazy\" decoding=\"async\" src=\"https:\/\/handwaerker.ch\/web\/wp-content\/uploads\/2017\/06\/DSC00125.jpg\" height=\"360\" width=\"1075\" alt=\"handw\u00e4rker.ch\" class=\"slider-111 slide-113 msDefaultImage\" title=\"handw\u00e4rker.ch\" \/><\/li>\n            <\/ul>\n        <\/div>\n        \n    <\/div>\n<\/div>[\/et_pb_fullwidth_code][\/et_pb_section][et_pb_section fb_built=&#8220;1&#8243; admin_label=&#8220;Sektion&#8220; _builder_version=&#8220;4.16&#8243; custom_padding=&#8220;0px||0px|&#8220; transparent_background=&#8220;off&#8220; make_fullwidth=&#8220;off&#8220; use_custom_width=&#8220;off&#8220; width_unit=&#8220;on&#8220; global_colors_info=&#8220;{}&#8220;][et_pb_row admin_label=&#8220;Zeile&#8220; _builder_version=&#8220;4.16&#8243; background_size=&#8220;initial&#8220; background_position=&#8220;top_left&#8220; background_repeat=&#8220;repeat&#8220; custom_padding=&#8220;30px||20px|&#8220; make_fullwidth=&#8220;off&#8220; use_custom_width=&#8220;off&#8220; width_unit=&#8220;on&#8220; global_colors_info=&#8220;{}&#8220;][et_pb_column type=&#8220;4_4&#8243; _builder_version=&#8220;4.16&#8243; custom_padding=&#8220;|||&#8220; global_colors_info=&#8220;{}&#8220; custom_padding__hover=&#8220;|||&#8220;][et_pb_text admin_label=&#8220;Text&#8220; _builder_version=&#8220;4.16&#8243; header_text_color=&#8220;#009933&#8243; use_border_color=&#8220;off&#8220; border_color=&#8220;#ffffff&#8220; border_style=&#8220;solid&#8220; global_colors_info=&#8220;{}&#8220;]<\/p>\n<h1>Kontakt<\/h1>\n<p>[\/et_pb_text][\/et_pb_column][\/et_pb_row][\/et_pb_section][et_pb_section fb_built=&#8220;1&#8243; admin_label=&#8220;Sektion&#8220; _builder_version=&#8220;4.16&#8243; custom_padding=&#8220;0px|||&#8220; transparent_background=&#8220;off&#8220; make_fullwidth=&#8220;off&#8220; use_custom_width=&#8220;off&#8220; width_unit=&#8220;on&#8220; global_colors_info=&#8220;{}&#8220;][et_pb_row admin_label=&#8220;Zeile&#8220; _builder_version=&#8220;4.16&#8243; background_size=&#8220;initial&#8220; background_position=&#8220;top_left&#8220; background_repeat=&#8220;repeat&#8220; custom_padding=&#8220;0px|||&#8220; make_fullwidth=&#8220;off&#8220; use_custom_width=&#8220;off&#8220; width_unit=&#8220;on&#8220; global_colors_info=&#8220;{}&#8220; column_structure=&#8220;1_2,1_2&#8243;][et_pb_column type=&#8220;1_2&#8243; _builder_version=&#8220;4.16&#8243; custom_padding=&#8220;|||&#8220; global_colors_info=&#8220;{}&#8220; custom_padding__hover=&#8220;|||&#8220;][et_pb_text admin_label=&#8220;Text&#8220; _builder_version=&#8220;4.27.4&#8243; text_font_size=&#8220;18&#8243; hover_enabled=&#8220;0&#8243; border_style=&#8220;solid&#8220; global_colors_info=&#8220;{}&#8220; sticky_enabled=&#8220;0&#8243;]<\/p>\n<p>HandW\u00e4rker.ch GmbH<br \/>Martin Portner &amp; Team<br \/>Wylermatt 35 A<br \/>3635 Uebeschi<\/p>\n<p>Telefon 033 525 10 78<br \/>Mobile \u00a0078 817 16 28<\/p>\n<p>E-Mail: info@handwaerker.ch<br \/>Web: \u00a0\u00a0\u00a0www.handw\u00e4rker.ch<\/p>\n<p>[\/et_pb_text][et_pb_image src=&#8220;https:\/\/handwaerker.ch\/web\/wp-content\/uploads\/2017\/06\/DSC00108-1.jpg&#8220; admin_label=&#8220;Bild&#8220; _builder_version=&#8220;4.16&#8243; animation_style=&#8220;slide&#8220; animation_direction=&#8220;left&#8220; animation_duration=&#8220;500ms&#8220; animation_intensity_slide=&#8220;10%&#8220; border_style=&#8220;solid&#8220; sticky=&#8220;off&#8220; always_center_on_mobile=&#8220;off&#8220; global_colors_info=&#8220;{}&#8220;][\/et_pb_image][\/et_pb_column][et_pb_column type=&#8220;1_2&#8243; _builder_version=&#8220;4.16&#8243; custom_padding=&#8220;|||&#8220; global_colors_info=&#8220;{}&#8220; custom_padding__hover=&#8220;|||&#8220;][et_pb_text admin_label=&#8220;Text&#8220; _builder_version=&#8220;4.16&#8243; background_size=&#8220;initial&#8220; background_position=&#8220;top_left&#8220; background_repeat=&#8220;repeat&#8220; use_border_color=&#8220;off&#8220; border_color=&#8220;#ffffff&#8220; border_style=&#8220;solid&#8220; global_colors_info=&#8220;{}&#8220;] \n<div class=\"wpcf7 no-js\" id=\"wpcf7-f107-o1\" lang=\"de-DE\" dir=\"ltr\" data-wpcf7-id=\"107\">\n<div class=\"screen-reader-response\"><p role=\"status\" aria-live=\"polite\" aria-atomic=\"true\"><\/p> <ul><\/ul><\/div>\n<form action=\"\/web\/wp-json\/wp\/v2\/pages\/100#wpcf7-f107-o1\" method=\"post\" class=\"wpcf7-form init wpcf7-acceptance-as-validation\" aria-label=\"Kontaktformular\" novalidate=\"novalidate\" data-status=\"init\">\n<fieldset class=\"hidden-fields-container\"><input type=\"hidden\" name=\"_wpcf7\" value=\"107\" \/><input type=\"hidden\" name=\"_wpcf7_version\" value=\"6.1.5\" \/><input type=\"hidden\" name=\"_wpcf7_locale\" value=\"de_DE\" \/><input type=\"hidden\" name=\"_wpcf7_unit_tag\" value=\"wpcf7-f107-o1\" \/><input type=\"hidden\" name=\"_wpcf7_container_post\" value=\"0\" \/><input type=\"hidden\" name=\"_wpcf7_posted_data_hash\" value=\"\" \/><input type=\"hidden\" name=\"_wpcf7_recaptcha_response\" value=\"\" \/>\n<\/fieldset>\n<p><span class=\"wpcf7-form-control-wrap\" data-name=\"firma\"><input size=\"40\" maxlength=\"400\" class=\"wpcf7-form-control wpcf7-text\" aria-invalid=\"false\" placeholder=\"Firma\" value=\"\" type=\"text\" name=\"firma\" \/><\/span>\n<\/p>\n<p><span class=\"wpcf7-form-control-wrap\" data-name=\"your-name\"><input size=\"40\" maxlength=\"400\" class=\"wpcf7-form-control wpcf7-text wpcf7-validates-as-required\" aria-required=\"true\" aria-invalid=\"false\" placeholder=\"Name *\" value=\"\" type=\"text\" name=\"your-name\" \/><\/span>\n<\/p>\n<p><span class=\"wpcf7-form-control-wrap\" data-name=\"vorname\"><input size=\"40\" maxlength=\"400\" class=\"wpcf7-form-control wpcf7-text wpcf7-validates-as-required\" aria-required=\"true\" aria-invalid=\"false\" placeholder=\"Vorname *\" value=\"\" type=\"text\" name=\"vorname\" \/><\/span>\n<\/p>\n<p><span class=\"wpcf7-form-control-wrap\" data-name=\"branche\"><input size=\"40\" maxlength=\"400\" class=\"wpcf7-form-control wpcf7-text wpcf7-validates-as-required\" aria-required=\"true\" aria-invalid=\"false\" placeholder=\"Branche\/Beruf *\" value=\"\" type=\"text\" name=\"branche\" \/><\/span>\n<\/p>\n<p><span class=\"wpcf7-form-control-wrap\" data-name=\"strasse\"><input size=\"40\" maxlength=\"400\" class=\"wpcf7-form-control wpcf7-text wpcf7-validates-as-required\" aria-required=\"true\" aria-invalid=\"false\" placeholder=\"Strasse *\" value=\"\" type=\"text\" name=\"strasse\" \/><\/span>\n<\/p>\n<p><span class=\"wpcf7-form-control-wrap\" data-name=\"ort\"><input size=\"40\" maxlength=\"400\" class=\"wpcf7-form-control wpcf7-text wpcf7-validates-as-required\" aria-required=\"true\" aria-invalid=\"false\" placeholder=\"PLZ\/Ort *\" value=\"\" type=\"text\" name=\"ort\" \/><\/span>\n<\/p>\n<p><span class=\"wpcf7-form-control-wrap\" data-name=\"tel\"><input size=\"40\" maxlength=\"400\" class=\"wpcf7-form-control wpcf7-text wpcf7-validates-as-required\" aria-required=\"true\" aria-invalid=\"false\" placeholder=\"Telefon *\" value=\"\" type=\"text\" name=\"tel\" \/><\/span>\n<\/p>\n<p><span class=\"wpcf7-form-control-wrap\" data-name=\"fax\"><input size=\"40\" maxlength=\"400\" class=\"wpcf7-form-control wpcf7-text\" aria-invalid=\"false\" placeholder=\"Fax\" value=\"\" type=\"text\" name=\"fax\" \/><\/span>\n<\/p>\n<p><span class=\"wpcf7-form-control-wrap\" data-name=\"your-email\"><input size=\"40\" maxlength=\"400\" class=\"wpcf7-form-control wpcf7-email wpcf7-validates-as-required wpcf7-text wpcf7-validates-as-email\" aria-required=\"true\" aria-invalid=\"false\" placeholder=\"E-mail Adresse *\" value=\"\" type=\"email\" name=\"your-email\" \/><\/span>\n<\/p>\n<p><span class=\"wpcf7-form-control-wrap\" data-name=\"website\"><input size=\"40\" maxlength=\"400\" class=\"wpcf7-form-control wpcf7-text\" aria-invalid=\"false\" placeholder=\"Internetseite\" value=\"\" type=\"text\" name=\"website\" \/><\/span>\n<\/p>\n<p><span class=\"wpcf7-form-control-wrap\" data-name=\"your-subject\"><input size=\"40\" maxlength=\"400\" class=\"wpcf7-form-control wpcf7-text\" aria-invalid=\"false\" placeholder=\"Betreff\" value=\"\" type=\"text\" name=\"your-subject\" \/><\/span>\n<\/p>\n<p><span class=\"wpcf7-form-control-wrap\" data-name=\"mitteilung\"><textarea cols=\"40\" rows=\"10\" maxlength=\"2000\" class=\"wpcf7-form-control wpcf7-textarea\" aria-invalid=\"false\" placeholder=\"Mitteilung\" name=\"mitteilung\"><\/textarea><\/span>\n<\/p>\n<p><input class=\"wpcf7-form-control wpcf7-submit has-spinner\" type=\"submit\" value=\"senden\" \/>\n<\/p>\n<p><strong>*<\/strong>erforderliche Felder\n<\/p><div class=\"wpcf7-response-output\" aria-hidden=\"true\"><\/div>\n<\/form>\n<\/div>\n [\/et_pb_text][\/et_pb_column][\/et_pb_row][\/et_pb_section]<\/p>\n","protected":false},"excerpt":{"rendered":"<p><div id=\"metaslider-id-111\" style=\"max-width: 1075px;\" class=\"ml-slider-3-108-0 metaslider metaslider-flex metaslider-111 ml-slider ms-theme-default nav-hidden nav-hidden\" role=\"region\" aria-label=\"home\" data-height=\"360\" data-width=\"1075\">\n    <div id=\"metaslider_container_111\">\n        <div id=\"metaslider_111\">\n            <ul class='slides'>\n                <li style=\"display: block; width: 100%;\" class=\"slide-124 ms-image \" aria-roledescription=\"slide\" data-date=\"2017-06-06 11:54:46\" data-filename=\"DSC00098.jpg\" data-slide-type=\"image\"><img loading=\"lazy\" decoding=\"async\" src=\"https:\/\/handwaerker.ch\/web\/wp-content\/uploads\/2017\/06\/DSC00098.jpg\" height=\"360\" width=\"1075\" alt=\"handw\u00e4rker.ch\" class=\"slider-111 slide-124 msDefaultImage\" title=\"handw\u00e4rker.ch\" \/><\/li>\n                <li style=\"display: none; width: 100%;\" class=\"slide-113 ms-image \" aria-roledescription=\"slide\" data-date=\"2017-06-06 11:36:16\" data-filename=\"DSC00125.jpg\" data-slide-type=\"image\"><img loading=\"lazy\" decoding=\"async\" src=\"https:\/\/handwaerker.ch\/web\/wp-content\/uploads\/2017\/06\/DSC00125.jpg\" height=\"360\" width=\"1075\" alt=\"handw\u00e4rker.ch\" class=\"slider-111 slide-113 msDefaultImage\" title=\"handw\u00e4rker.ch\" \/><\/li>\n                <li style=\"display: none; width: 100%;\" class=\"slide-120 ms-image \" aria-roledescription=\"slide\" data-date=\"2017-06-06 11:46:59\" data-filename=\"DSC00101.jpg\" data-slide-type=\"image\"><img loading=\"lazy\" decoding=\"async\" src=\"https:\/\/handwaerker.ch\/web\/wp-content\/uploads\/2017\/06\/DSC00101.jpg\" height=\"360\" width=\"1075\" alt=\"handw\u00e4rker.ch\" class=\"slider-111 slide-120 msDefaultImage\" title=\"handw\u00e4rker.ch\" \/><\/li>\n            <\/ul>\n        <\/div>\n        \n    <\/div>\n<\/div>Kontakt HandW\u00e4rker.ch GmbHMartin Portner &amp; TeamWylermatt 35 A3635 Uebeschi Telefon 033 525 10 78Mobile \u00a0078 817 16 28 E-Mail: info@handwaerker.chWeb: \u00a0\u00a0\u00a0www.handw\u00e4rker.ch \n<div class=\"wpcf7 no-js\" id=\"wpcf7-f107-o2\" lang=\"de-DE\" dir=\"ltr\" data-wpcf7-id=\"107\">\n<div class=\"screen-reader-response\"><p role=\"status\" aria-live=\"polite\" aria-atomic=\"true\"><\/p> <ul><\/ul><\/div>\n<form action=\"\/web\/wp-json\/wp\/v2\/pages\/100#wpcf7-f107-o2\" method=\"post\" class=\"wpcf7-form init wpcf7-acceptance-as-validation\" aria-label=\"Kontaktformular\" novalidate=\"novalidate\" data-status=\"init\">\n<fieldset class=\"hidden-fields-container\"><input type=\"hidden\" name=\"_wpcf7\" value=\"107\" \/><input type=\"hidden\" name=\"_wpcf7_version\" value=\"6.1.5\" \/><input type=\"hidden\" name=\"_wpcf7_locale\" value=\"de_DE\" \/><input type=\"hidden\" name=\"_wpcf7_unit_tag\" value=\"wpcf7-f107-o2\" \/><input type=\"hidden\" name=\"_wpcf7_container_post\" value=\"0\" \/><input type=\"hidden\" name=\"_wpcf7_posted_data_hash\" value=\"\" \/><input type=\"hidden\" name=\"_wpcf7_recaptcha_response\" value=\"\" \/>\n<\/fieldset>\n<p><span class=\"wpcf7-form-control-wrap\" data-name=\"firma\"><input size=\"40\" maxlength=\"400\" class=\"wpcf7-form-control wpcf7-text\" aria-invalid=\"false\" placeholder=\"Firma\" value=\"\" type=\"text\" name=\"firma\" \/><\/span>\n<\/p>\n<p><span class=\"wpcf7-form-control-wrap\" data-name=\"your-name\"><input size=\"40\" maxlength=\"400\" class=\"wpcf7-form-control wpcf7-text wpcf7-validates-as-required\" aria-required=\"true\" aria-invalid=\"false\" placeholder=\"Name *\" value=\"\" type=\"text\" name=\"your-name\" \/><\/span>\n<\/p>\n<p><span class=\"wpcf7-form-control-wrap\" data-name=\"vorname\"><input size=\"40\" maxlength=\"400\" class=\"wpcf7-form-control wpcf7-text wpcf7-validates-as-required\" aria-required=\"true\" aria-invalid=\"false\" placeholder=\"Vorname *\" value=\"\" type=\"text\" name=\"vorname\" \/><\/span>\n<\/p>\n<p><span class=\"wpcf7-form-control-wrap\" data-name=\"branche\"><input size=\"40\" maxlength=\"400\" class=\"wpcf7-form-control wpcf7-text wpcf7-validates-as-required\" aria-required=\"true\" aria-invalid=\"false\" placeholder=\"Branche\/Beruf *\" value=\"\" type=\"text\" name=\"branche\" \/><\/span>\n<\/p>\n<p><span class=\"wpcf7-form-control-wrap\" data-name=\"strasse\"><input size=\"40\" maxlength=\"400\" class=\"wpcf7-form-control wpcf7-text wpcf7-validates-as-required\" aria-required=\"true\" aria-invalid=\"false\" placeholder=\"Strasse *\" value=\"\" type=\"text\" name=\"strasse\" \/><\/span>\n<\/p>\n<p><span class=\"wpcf7-form-control-wrap\" data-name=\"ort\"><input size=\"40\" maxlength=\"400\" class=\"wpcf7-form-control wpcf7-text wpcf7-validates-as-required\" aria-required=\"true\" aria-invalid=\"false\" placeholder=\"PLZ\/Ort *\" value=\"\" type=\"text\" name=\"ort\" \/><\/span>\n<\/p>\n<p><span class=\"wpcf7-form-control-wrap\" data-name=\"tel\"><input size=\"40\" maxlength=\"400\" class=\"wpcf7-form-control wpcf7-text wpcf7-validates-as-required\" aria-required=\"true\" aria-invalid=\"false\" placeholder=\"Telefon *\" value=\"\" type=\"text\" name=\"tel\" \/><\/span>\n<\/p>\n<p><span class=\"wpcf7-form-control-wrap\" data-name=\"fax\"><input size=\"40\" maxlength=\"400\" class=\"wpcf7-form-control wpcf7-text\" aria-invalid=\"false\" placeholder=\"Fax\" value=\"\" type=\"text\" name=\"fax\" \/><\/span>\n<\/p>\n<p><span class=\"wpcf7-form-control-wrap\" data-name=\"your-email\"><input size=\"40\" maxlength=\"400\" class=\"wpcf7-form-control wpcf7-email wpcf7-validates-as-required wpcf7-text wpcf7-validates-as-email\" aria-required=\"true\" aria-invalid=\"false\" placeholder=\"E-mail Adresse *\" value=\"\" type=\"email\" name=\"your-email\" \/><\/span>\n<\/p>\n<p><span class=\"wpcf7-form-control-wrap\" data-name=\"website\"><input size=\"40\" maxlength=\"400\" class=\"wpcf7-form-control wpcf7-text\" aria-invalid=\"false\" placeholder=\"Internetseite\" value=\"\" type=\"text\" name=\"website\" \/><\/span>\n<\/p>\n<p><span class=\"wpcf7-form-control-wrap\" data-name=\"your-subject\"><input size=\"40\" maxlength=\"400\" class=\"wpcf7-form-control wpcf7-text\" aria-invalid=\"false\" placeholder=\"Betreff\" value=\"\" type=\"text\" name=\"your-subject\" \/><\/span>\n<\/p>\n<p><span class=\"wpcf7-form-control-wrap\" data-name=\"mitteilung\"><textarea cols=\"40\" rows=\"10\" maxlength=\"2000\" class=\"wpcf7-form-control wpcf7-textarea\" aria-invalid=\"false\" placeholder=\"Mitteilung\" name=\"mitteilung\"><\/textarea><\/span>\n<\/p>\n<p><input class=\"wpcf7-form-control wpcf7-submit has-spinner\" type=\"submit\" value=\"senden\" \/>\n<\/p>\n<p><strong>*<\/strong>erforderliche Felder\n<\/p><div class=\"wpcf7-response-output\" aria-hidden=\"true\"><\/div>\n<\/form>\n<\/div>\n<\/p>\n","protected":false},"author":1,"featured_media":0,"parent":0,"menu_order":0,"comment_status":"closed","ping_status":"closed","template":"","meta":{"_et_pb_use_builder":"on","_et_pb_old_content":"","_et_gb_content_width":"","footnotes":""},"class_list":["post-100","page","type-page","status-publish","hentry"],"yoast_head":"<!-- This site is optimized with the Yoast SEO plugin v27.4 - https:\/\/yoast.com\/product\/yoast-seo-wordpress\/ -->\n<title>Kontakt - HandW\u00e4rker.ch GmbH<\/title>\n<meta name=\"description\" content=\"Fenster &amp; T\u00fcren | Innenausbau &amp; B\u00f6den | K\u00fcchen &amp; Schr\u00e4nke | Service &amp; Reparaturen | Renovationen &amp; Umbauten: HandW\u00e4rker.ch GmbH Martin Portner &amp; Team\" \/>\n<meta name=\"robots\" content=\"index, follow, max-snippet:-1, max-image-preview:large, max-video-preview:-1\" \/>\n<link rel=\"canonical\" href=\"https:\/\/handwaerker.ch\/web\/kontakt\/\" \/>\n<meta property=\"og:locale\" content=\"de_DE\" \/>\n<meta property=\"og:type\" content=\"article\" \/>\n<meta property=\"og:title\" content=\"Kontakt - HandW\u00e4rker.ch GmbH\" \/>\n<meta property=\"og:description\" content=\"Fenster &amp; T\u00fcren | Innenausbau &amp; B\u00f6den | K\u00fcchen &amp; Schr\u00e4nke | Service &amp; Reparaturen | Renovationen &amp; Umbauten: HandW\u00e4rker.ch GmbH Martin Portner &amp; Team\" \/>\n<meta property=\"og:url\" content=\"https:\/\/handwaerker.ch\/web\/kontakt\/\" \/>\n<meta property=\"og:site_name\" content=\"HandW\u00e4rker.ch GmbH\" \/>\n<meta property=\"article:modified_time\" content=\"2025-01-31T11:38:35+00:00\" \/>\n<meta name=\"twitter:card\" content=\"summary_large_image\" \/>\n<meta name=\"twitter:label1\" content=\"Gesch\u00e4tzte Lesezeit\" \/>\n\t<meta name=\"twitter:data1\" content=\"2\u00a0Minuten\" \/>\n<script type=\"application\/ld+json\" class=\"yoast-schema-graph\">{\"@context\":\"https:\\\/\\\/schema.org\",\"@graph\":[{\"@type\":\"WebPage\",\"@id\":\"https:\\\/\\\/handwaerker.ch\\\/web\\\/kontakt\\\/\",\"url\":\"https:\\\/\\\/handwaerker.ch\\\/web\\\/kontakt\\\/\",\"name\":\"Kontakt - HandW\u00e4rker.ch GmbH\",\"isPartOf\":{\"@id\":\"https:\\\/\\\/handwaerker.ch\\\/web\\\/#website\"},\"datePublished\":\"2017-06-06T08:00:38+00:00\",\"dateModified\":\"2025-01-31T11:38:35+00:00\",\"description\":\"Fenster & T\u00fcren | Innenausbau & B\u00f6den | K\u00fcchen & Schr\u00e4nke | Service & Reparaturen | Renovationen & Umbauten: HandW\u00e4rker.ch GmbH Martin Portner & Team\",\"breadcrumb\":{\"@id\":\"https:\\\/\\\/handwaerker.ch\\\/web\\\/kontakt\\\/#breadcrumb\"},\"inLanguage\":\"de\",\"potentialAction\":[{\"@type\":\"ReadAction\",\"target\":[\"https:\\\/\\\/handwaerker.ch\\\/web\\\/kontakt\\\/\"]}]},{\"@type\":\"BreadcrumbList\",\"@id\":\"https:\\\/\\\/handwaerker.ch\\\/web\\\/kontakt\\\/#breadcrumb\",\"itemListElement\":[{\"@type\":\"ListItem\",\"position\":1,\"name\":\"Startseite\",\"item\":\"https:\\\/\\\/handwaerker.ch\\\/web\\\/\"},{\"@type\":\"ListItem\",\"position\":2,\"name\":\"Kontakt\"}]},{\"@type\":\"WebSite\",\"@id\":\"https:\\\/\\\/handwaerker.ch\\\/web\\\/#website\",\"url\":\"https:\\\/\\\/handwaerker.ch\\\/web\\\/\",\"name\":\"HandW\u00e4rker.ch GmbH\",\"description\":\"Arbeiten in Holz...\",\"publisher\":{\"@id\":\"https:\\\/\\\/handwaerker.ch\\\/web\\\/#organization\"},\"potentialAction\":[{\"@type\":\"SearchAction\",\"target\":{\"@type\":\"EntryPoint\",\"urlTemplate\":\"https:\\\/\\\/handwaerker.ch\\\/web\\\/?s={search_term_string}\"},\"query-input\":{\"@type\":\"PropertyValueSpecification\",\"valueRequired\":true,\"valueName\":\"search_term_string\"}}],\"inLanguage\":\"de\"},{\"@type\":\"Organization\",\"@id\":\"https:\\\/\\\/handwaerker.ch\\\/web\\\/#organization\",\"name\":\"HandW\u00e4rker.ch GmbH\",\"url\":\"https:\\\/\\\/handwaerker.ch\\\/web\\\/\",\"logo\":{\"@type\":\"ImageObject\",\"inLanguage\":\"de\",\"@id\":\"https:\\\/\\\/handwaerker.ch\\\/web\\\/#\\\/schema\\\/logo\\\/image\\\/\",\"url\":\"https:\\\/\\\/i0.wp.com\\\/handwaerker.ch\\\/web\\\/wp-content\\\/uploads\\\/2017\\\/05\\\/logorgb.png?fit=393%2C55&ssl=1\",\"contentUrl\":\"https:\\\/\\\/i0.wp.com\\\/handwaerker.ch\\\/web\\\/wp-content\\\/uploads\\\/2017\\\/05\\\/logorgb.png?fit=393%2C55&ssl=1\",\"width\":393,\"height\":55,\"caption\":\"HandW\u00e4rker.ch GmbH\"},\"image\":{\"@id\":\"https:\\\/\\\/handwaerker.ch\\\/web\\\/#\\\/schema\\\/logo\\\/image\\\/\"}}]}<\/script>\n<!-- \/ Yoast SEO plugin. -->","yoast_head_json":{"title":"Kontakt - HandW\u00e4rker.ch GmbH","description":"Fenster & T\u00fcren | Innenausbau & B\u00f6den | K\u00fcchen & Schr\u00e4nke | Service & Reparaturen | Renovationen & Umbauten: HandW\u00e4rker.ch GmbH Martin Portner & Team","robots":{"index":"index","follow":"follow","max-snippet":"max-snippet:-1","max-image-preview":"max-image-preview:large","max-video-preview":"max-video-preview:-1"},"canonical":"https:\/\/handwaerker.ch\/web\/kontakt\/","og_locale":"de_DE","og_type":"article","og_title":"Kontakt - HandW\u00e4rker.ch GmbH","og_description":"Fenster & T\u00fcren | Innenausbau & B\u00f6den | K\u00fcchen & Schr\u00e4nke | Service & Reparaturen | Renovationen & Umbauten: HandW\u00e4rker.ch GmbH Martin Portner & Team","og_url":"https:\/\/handwaerker.ch\/web\/kontakt\/","og_site_name":"HandW\u00e4rker.ch GmbH","article_modified_time":"2025-01-31T11:38:35+00:00","twitter_card":"summary_large_image","twitter_misc":{"Gesch\u00e4tzte Lesezeit":"2\u00a0Minuten"},"schema":{"@context":"https:\/\/schema.org","@graph":[{"@type":"WebPage","@id":"https:\/\/handwaerker.ch\/web\/kontakt\/","url":"https:\/\/handwaerker.ch\/web\/kontakt\/","name":"Kontakt - HandW\u00e4rker.ch GmbH","isPartOf":{"@id":"https:\/\/handwaerker.ch\/web\/#website"},"datePublished":"2017-06-06T08:00:38+00:00","dateModified":"2025-01-31T11:38:35+00:00","description":"Fenster & T\u00fcren | Innenausbau & B\u00f6den | K\u00fcchen & Schr\u00e4nke | Service & Reparaturen | Renovationen & Umbauten: HandW\u00e4rker.ch GmbH Martin Portner & Team","breadcrumb":{"@id":"https:\/\/handwaerker.ch\/web\/kontakt\/#breadcrumb"},"inLanguage":"de","potentialAction":[{"@type":"ReadAction","target":["https:\/\/handwaerker.ch\/web\/kontakt\/"]}]},{"@type":"BreadcrumbList","@id":"https:\/\/handwaerker.ch\/web\/kontakt\/#breadcrumb","itemListElement":[{"@type":"ListItem","position":1,"name":"Startseite","item":"https:\/\/handwaerker.ch\/web\/"},{"@type":"ListItem","position":2,"name":"Kontakt"}]},{"@type":"WebSite","@id":"https:\/\/handwaerker.ch\/web\/#website","url":"https:\/\/handwaerker.ch\/web\/","name":"HandW\u00e4rker.ch GmbH","description":"Arbeiten in Holz...","publisher":{"@id":"https:\/\/handwaerker.ch\/web\/#organization"},"potentialAction":[{"@type":"SearchAction","target":{"@type":"EntryPoint","urlTemplate":"https:\/\/handwaerker.ch\/web\/?s={search_term_string}"},"query-input":{"@type":"PropertyValueSpecification","valueRequired":true,"valueName":"search_term_string"}}],"inLanguage":"de"},{"@type":"Organization","@id":"https:\/\/handwaerker.ch\/web\/#organization","name":"HandW\u00e4rker.ch GmbH","url":"https:\/\/handwaerker.ch\/web\/","logo":{"@type":"ImageObject","inLanguage":"de","@id":"https:\/\/handwaerker.ch\/web\/#\/schema\/logo\/image\/","url":"https:\/\/i0.wp.com\/handwaerker.ch\/web\/wp-content\/uploads\/2017\/05\/logorgb.png?fit=393%2C55&ssl=1","contentUrl":"https:\/\/i0.wp.com\/handwaerker.ch\/web\/wp-content\/uploads\/2017\/05\/logorgb.png?fit=393%2C55&ssl=1","width":393,"height":55,"caption":"HandW\u00e4rker.ch GmbH"},"image":{"@id":"https:\/\/handwaerker.ch\/web\/#\/schema\/logo\/image\/"}}]}},"_links":{"self":[{"href":"https:\/\/handwaerker.ch\/web\/wp-json\/wp\/v2\/pages\/100","targetHints":{"allow":["GET"]}}],"collection":[{"href":"https:\/\/handwaerker.ch\/web\/wp-json\/wp\/v2\/pages"}],"about":[{"href":"https:\/\/handwaerker.ch\/web\/wp-json\/wp\/v2\/types\/page"}],"author":[{"embeddable":true,"href":"https:\/\/handwaerker.ch\/web\/wp-json\/wp\/v2\/users\/1"}],"replies":[{"embeddable":true,"href":"https:\/\/handwaerker.ch\/web\/wp-json\/wp\/v2\/comments?post=100"}],"version-history":[{"count":5,"href":"https:\/\/handwaerker.ch\/web\/wp-json\/wp\/v2\/pages\/100\/revisions"}],"predecessor-version":[{"id":293,"href":"https:\/\/handwaerker.ch\/web\/wp-json\/wp\/v2\/pages\/100\/revisions\/293"}],"wp:attachment":[{"href":"https:\/\/handwaerker.ch\/web\/wp-json\/wp\/v2\/media?parent=100"}],"curies":[{"name":"wp","href":"https:\/\/api.w.org\/{rel}","templated":true}]}}