{"id":227,"date":"2017-06-07T06:08:06","date_gmt":"2017-06-07T06:08:06","guid":{"rendered":"https:\/\/xn--handwrker-z2a.ch\/?page_id=227"},"modified":"2025-01-31T11:38:56","modified_gmt":"2025-01-31T11:38:56","slug":"impressum","status":"publish","type":"page","link":"https:\/\/handwaerker.ch\/web\/impressum\/","title":{"rendered":"Impressum"},"content":{"rendered":"<p>[et_pb_section fb_built=&#8220;1&#8243; _builder_version=&#8220;4.16&#8243; custom_padding=&#8220;0px||0px|&#8220; transparent_background=&#8220;off&#8220; make_fullwidth=&#8220;off&#8220; use_custom_width=&#8220;off&#8220; width_unit=&#8220;on&#8220; global_colors_info=&#8220;{}&#8220;][et_pb_row _builder_version=&#8220;4.16&#8243; background_size=&#8220;initial&#8220; background_position=&#8220;top_left&#8220; background_repeat=&#8220;repeat&#8220; custom_padding=&#8220;30px||20px|&#8220; make_fullwidth=&#8220;off&#8220; use_custom_width=&#8220;off&#8220; width_unit=&#8220;on&#8220; global_colors_info=&#8220;{}&#8220;][et_pb_column type=&#8220;4_4&#8243; _builder_version=&#8220;4.16&#8243; custom_padding=&#8220;|||&#8220; global_colors_info=&#8220;{}&#8220; custom_padding__hover=&#8220;|||&#8220;][et_pb_text _builder_version=&#8220;4.16&#8243; header_text_color=&#8220;#009933&#8243; border_style=&#8220;solid&#8220; global_colors_info=&#8220;{}&#8220;]<\/p>\n<h1>Impressum<\/h1>\n<p>[\/et_pb_text][\/et_pb_column][\/et_pb_row][\/et_pb_section][et_pb_section fb_built=&#8220;1&#8243; _builder_version=&#8220;4.16&#8243; custom_padding=&#8220;0px|||&#8220; global_colors_info=&#8220;{}&#8220;][et_pb_row _builder_version=&#8220;4.16&#8243; background_size=&#8220;initial&#8220; background_position=&#8220;top_left&#8220; background_repeat=&#8220;repeat&#8220; custom_margin=&#8220;0px||0px|&#8220; custom_padding=&#8220;0px|||&#8220; global_colors_info=&#8220;{}&#8220;][et_pb_column type=&#8220;4_4&#8243; _builder_version=&#8220;4.16&#8243; background_position=&#8220;top_left&#8220; custom_padding=&#8220;|||&#8220; global_colors_info=&#8220;{}&#8220; custom_padding__hover=&#8220;|||&#8220;][et_pb_text _builder_version=&#8220;4.22.1&#8243; text_font_size=&#8220;15&#8243; text_line_height=&#8220;1.5em&#8220; background_size=&#8220;initial&#8220; background_position=&#8220;top_left&#8220; background_repeat=&#8220;repeat&#8220; custom_padding=&#8220;0px||0px|&#8220; global_colors_info=&#8220;{}&#8220;]<\/p>\n<h3>Kontaktadresse<\/h3>\n<p>HandW\u00e4rker.ch GmbH<br \/>Martin Portner &amp; Team<br \/>Wylermatt 35 A<br \/>3635 Uebeschi<\/p>\n<p>Telefon 033 525 10 78<br \/>Mobile 078 817 16 28<\/p>\n<p>E-Mail: info@handwaerker.ch<\/p>\n<p>Mehrwertsteuernummer<br \/>CHE-159.128.726 MWST<\/p>\n<h2>Haftungsausschluss<\/h2>\n<p>Der Autor \u00fcbernimmt keinerlei Gew\u00e4hr hinsichtlich der inhaltlichen Richtigkeit, Genauigkeit, Aktualit\u00e4t, Zuverl\u00e4ssigkeit und Vollst\u00e4ndigkeit der Informationen. Haftungsanspr\u00fcche gegen den Autor wegen Sch\u00e4den materieller oder immaterieller Art, welche aus dem Zugriff oder der Nutzung bzw. Nichtnutzung der ver\u00f6ffentlichten Informationen, durch Missbrauch der Verbindung oder durch technische St\u00f6rungen entstanden sind, werden ausgeschlossen. Alle Angebote sind unverbindlich. Der Autor beh\u00e4lt es sich ausdr\u00fccklich vor, Teile der Seiten oder das gesamte Angebot ohne gesonderte Ank\u00fcndigung zu ver\u00e4ndern, zu erg\u00e4nzen, zu l\u00f6schen oder die Ver\u00f6ffentlichung zeitweise oder endg\u00fcltig einzustellen.<\/p>\n<h2>Haftung f\u00fcr Links<\/h2>\n<p>Verweise und Links auf Webseiten Dritter liegen ausserhalb unseres Verantwortungsbereichs Es wird jegliche Verantwortung f\u00fcr solche Webseiten abgelehnt. Der Zugriff und die Nutzung solcher Webseiten erfolgen auf eigene Gefahr des Nutzers oder der Nutzerin.<\/p>\n<p>&nbsp;<\/p>\n<h2>Urheberrechte<\/h2>\n<p>Die Urheber- und alle anderen Rechte an Inhalten, Bildern, Fotos oder anderen Dateien auf der Website geh\u00f6ren ausschliesslich der Firma <span>HandW\u00e4rker.ch GmbH<\/span> oder den speziell genannten Rechtsinhabern. F\u00fcr die Reproduktion jeglicher Elemente ist die schriftliche Zustimmung der Urheberrechtstr\u00e4ger im Voraus einzuholen.<\/p>\n<p>&nbsp;<\/p>\n<h3>Umsetzung Webdesign<\/h3>\n<p><a href=\"http:\/\/dmd-productions.ch\" target=\"_blank\" rel=\"noopener noreferrer\">dmd-productions.ch<\/a><br \/>Dorfstrasse 7<br \/>3714 Frutigen<\/p>\n<p>[\/et_pb_text][\/et_pb_column][\/et_pb_row][\/et_pb_section]<\/p>\n","protected":false},"excerpt":{"rendered":"<p>Impressum Kontaktadresse HandW\u00e4rker.ch GmbHMartin Portner &amp; TeamWylermatt 35 A3635 Uebeschi Telefon 033 525 10 78Mobile 078 817 16 28 E-Mail: info@handwaerker.ch MehrwertsteuernummerCHE-159.128.726 MWST Haftungsausschluss Der Autor \u00fcbernimmt keinerlei Gew\u00e4hr hinsichtlich der inhaltlichen Richtigkeit, Genauigkeit, Aktualit\u00e4t, Zuverl\u00e4ssigkeit und Vollst\u00e4ndigkeit der Informationen. Haftungsanspr\u00fcche gegen den Autor wegen Sch\u00e4den materieller oder immaterieller Art, welche aus dem Zugriff oder [&hellip;]<\/p>\n","protected":false},"author":1,"featured_media":0,"parent":0,"menu_order":0,"comment_status":"closed","ping_status":"closed","template":"","meta":{"_et_pb_use_builder":"on","_et_pb_old_content":"","_et_gb_content_width":"","footnotes":""},"class_list":["post-227","page","type-page","status-publish","hentry"],"yoast_head":"<!-- This site is optimized with the Yoast SEO plugin v27.4 - https:\/\/yoast.com\/product\/yoast-seo-wordpress\/ -->\n<title>Impressum - HandW\u00e4rker.ch GmbH<\/title>\n<meta name=\"robots\" content=\"index, follow, max-snippet:-1, max-image-preview:large, max-video-preview:-1\" \/>\n<link rel=\"canonical\" href=\"https:\/\/handwaerker.ch\/web\/impressum\/\" \/>\n<meta property=\"og:locale\" content=\"de_DE\" \/>\n<meta property=\"og:type\" content=\"article\" \/>\n<meta property=\"og:title\" content=\"Impressum - HandW\u00e4rker.ch GmbH\" \/>\n<meta property=\"og:description\" content=\"Impressum Kontaktadresse HandW\u00e4rker.ch GmbHMartin Portner &amp; TeamWylermatt 35 A3635 Uebeschi Telefon 033 525 10 78Mobile 078 817 16 28 E-Mail: info@handwaerker.ch MehrwertsteuernummerCHE-159.128.726 MWST Haftungsausschluss Der Autor \u00fcbernimmt keinerlei Gew\u00e4hr hinsichtlich der inhaltlichen Richtigkeit, Genauigkeit, Aktualit\u00e4t, Zuverl\u00e4ssigkeit und Vollst\u00e4ndigkeit der Informationen. Haftungsanspr\u00fcche gegen den Autor wegen Sch\u00e4den materieller oder immaterieller Art, welche aus dem Zugriff oder [&hellip;]\" \/>\n<meta property=\"og:url\" content=\"https:\/\/handwaerker.ch\/web\/impressum\/\" \/>\n<meta property=\"og:site_name\" content=\"HandW\u00e4rker.ch GmbH\" \/>\n<meta property=\"article:modified_time\" content=\"2025-01-31T11:38:56+00:00\" \/>\n<meta name=\"twitter:card\" content=\"summary_large_image\" \/>\n<meta name=\"twitter:label1\" content=\"Gesch\u00e4tzte Lesezeit\" \/>\n\t<meta name=\"twitter:data1\" content=\"4\u00a0Minuten\" \/>\n<script type=\"application\/ld+json\" class=\"yoast-schema-graph\">{\"@context\":\"https:\\\/\\\/schema.org\",\"@graph\":[{\"@type\":\"WebPage\",\"@id\":\"https:\\\/\\\/handwaerker.ch\\\/web\\\/impressum\\\/\",\"url\":\"https:\\\/\\\/handwaerker.ch\\\/web\\\/impressum\\\/\",\"name\":\"Impressum - HandW\u00e4rker.ch GmbH\",\"isPartOf\":{\"@id\":\"https:\\\/\\\/handwaerker.ch\\\/web\\\/#website\"},\"datePublished\":\"2017-06-07T06:08:06+00:00\",\"dateModified\":\"2025-01-31T11:38:56+00:00\",\"breadcrumb\":{\"@id\":\"https:\\\/\\\/handwaerker.ch\\\/web\\\/impressum\\\/#breadcrumb\"},\"inLanguage\":\"de\",\"potentialAction\":[{\"@type\":\"ReadAction\",\"target\":[\"https:\\\/\\\/handwaerker.ch\\\/web\\\/impressum\\\/\"]}]},{\"@type\":\"BreadcrumbList\",\"@id\":\"https:\\\/\\\/handwaerker.ch\\\/web\\\/impressum\\\/#breadcrumb\",\"itemListElement\":[{\"@type\":\"ListItem\",\"position\":1,\"name\":\"Startseite\",\"item\":\"https:\\\/\\\/handwaerker.ch\\\/web\\\/\"},{\"@type\":\"ListItem\",\"position\":2,\"name\":\"Impressum\"}]},{\"@type\":\"WebSite\",\"@id\":\"https:\\\/\\\/handwaerker.ch\\\/web\\\/#website\",\"url\":\"https:\\\/\\\/handwaerker.ch\\\/web\\\/\",\"name\":\"HandW\u00e4rker.ch GmbH\",\"description\":\"Arbeiten in Holz...\",\"publisher\":{\"@id\":\"https:\\\/\\\/handwaerker.ch\\\/web\\\/#organization\"},\"potentialAction\":[{\"@type\":\"SearchAction\",\"target\":{\"@type\":\"EntryPoint\",\"urlTemplate\":\"https:\\\/\\\/handwaerker.ch\\\/web\\\/?s={search_term_string}\"},\"query-input\":{\"@type\":\"PropertyValueSpecification\",\"valueRequired\":true,\"valueName\":\"search_term_string\"}}],\"inLanguage\":\"de\"},{\"@type\":\"Organization\",\"@id\":\"https:\\\/\\\/handwaerker.ch\\\/web\\\/#organization\",\"name\":\"HandW\u00e4rker.ch GmbH\",\"url\":\"https:\\\/\\\/handwaerker.ch\\\/web\\\/\",\"logo\":{\"@type\":\"ImageObject\",\"inLanguage\":\"de\",\"@id\":\"https:\\\/\\\/handwaerker.ch\\\/web\\\/#\\\/schema\\\/logo\\\/image\\\/\",\"url\":\"https:\\\/\\\/i0.wp.com\\\/handwaerker.ch\\\/web\\\/wp-content\\\/uploads\\\/2017\\\/05\\\/logorgb.png?fit=393%2C55&ssl=1\",\"contentUrl\":\"https:\\\/\\\/i0.wp.com\\\/handwaerker.ch\\\/web\\\/wp-content\\\/uploads\\\/2017\\\/05\\\/logorgb.png?fit=393%2C55&ssl=1\",\"width\":393,\"height\":55,\"caption\":\"HandW\u00e4rker.ch GmbH\"},\"image\":{\"@id\":\"https:\\\/\\\/handwaerker.ch\\\/web\\\/#\\\/schema\\\/logo\\\/image\\\/\"}}]}<\/script>\n<!-- \/ Yoast SEO plugin. -->","yoast_head_json":{"title":"Impressum - HandW\u00e4rker.ch GmbH","robots":{"index":"index","follow":"follow","max-snippet":"max-snippet:-1","max-image-preview":"max-image-preview:large","max-video-preview":"max-video-preview:-1"},"canonical":"https:\/\/handwaerker.ch\/web\/impressum\/","og_locale":"de_DE","og_type":"article","og_title":"Impressum - HandW\u00e4rker.ch GmbH","og_description":"Impressum Kontaktadresse HandW\u00e4rker.ch GmbHMartin Portner &amp; TeamWylermatt 35 A3635 Uebeschi Telefon 033 525 10 78Mobile 078 817 16 28 E-Mail: info@handwaerker.ch MehrwertsteuernummerCHE-159.128.726 MWST Haftungsausschluss Der Autor \u00fcbernimmt keinerlei Gew\u00e4hr hinsichtlich der inhaltlichen Richtigkeit, Genauigkeit, Aktualit\u00e4t, Zuverl\u00e4ssigkeit und Vollst\u00e4ndigkeit der Informationen. Haftungsanspr\u00fcche gegen den Autor wegen Sch\u00e4den materieller oder immaterieller Art, welche aus dem Zugriff oder [&hellip;]","og_url":"https:\/\/handwaerker.ch\/web\/impressum\/","og_site_name":"HandW\u00e4rker.ch GmbH","article_modified_time":"2025-01-31T11:38:56+00:00","twitter_card":"summary_large_image","twitter_misc":{"Gesch\u00e4tzte Lesezeit":"4\u00a0Minuten"},"schema":{"@context":"https:\/\/schema.org","@graph":[{"@type":"WebPage","@id":"https:\/\/handwaerker.ch\/web\/impressum\/","url":"https:\/\/handwaerker.ch\/web\/impressum\/","name":"Impressum - HandW\u00e4rker.ch GmbH","isPartOf":{"@id":"https:\/\/handwaerker.ch\/web\/#website"},"datePublished":"2017-06-07T06:08:06+00:00","dateModified":"2025-01-31T11:38:56+00:00","breadcrumb":{"@id":"https:\/\/handwaerker.ch\/web\/impressum\/#breadcrumb"},"inLanguage":"de","potentialAction":[{"@type":"ReadAction","target":["https:\/\/handwaerker.ch\/web\/impressum\/"]}]},{"@type":"BreadcrumbList","@id":"https:\/\/handwaerker.ch\/web\/impressum\/#breadcrumb","itemListElement":[{"@type":"ListItem","position":1,"name":"Startseite","item":"https:\/\/handwaerker.ch\/web\/"},{"@type":"ListItem","position":2,"name":"Impressum"}]},{"@type":"WebSite","@id":"https:\/\/handwaerker.ch\/web\/#website","url":"https:\/\/handwaerker.ch\/web\/","name":"HandW\u00e4rker.ch GmbH","description":"Arbeiten in Holz...","publisher":{"@id":"https:\/\/handwaerker.ch\/web\/#organization"},"potentialAction":[{"@type":"SearchAction","target":{"@type":"EntryPoint","urlTemplate":"https:\/\/handwaerker.ch\/web\/?s={search_term_string}"},"query-input":{"@type":"PropertyValueSpecification","valueRequired":true,"valueName":"search_term_string"}}],"inLanguage":"de"},{"@type":"Organization","@id":"https:\/\/handwaerker.ch\/web\/#organization","name":"HandW\u00e4rker.ch GmbH","url":"https:\/\/handwaerker.ch\/web\/","logo":{"@type":"ImageObject","inLanguage":"de","@id":"https:\/\/handwaerker.ch\/web\/#\/schema\/logo\/image\/","url":"https:\/\/i0.wp.com\/handwaerker.ch\/web\/wp-content\/uploads\/2017\/05\/logorgb.png?fit=393%2C55&ssl=1","contentUrl":"https:\/\/i0.wp.com\/handwaerker.ch\/web\/wp-content\/uploads\/2017\/05\/logorgb.png?fit=393%2C55&ssl=1","width":393,"height":55,"caption":"HandW\u00e4rker.ch GmbH"},"image":{"@id":"https:\/\/handwaerker.ch\/web\/#\/schema\/logo\/image\/"}}]}},"_links":{"self":[{"href":"https:\/\/handwaerker.ch\/web\/wp-json\/wp\/v2\/pages\/227","targetHints":{"allow":["GET"]}}],"collection":[{"href":"https:\/\/handwaerker.ch\/web\/wp-json\/wp\/v2\/pages"}],"about":[{"href":"https:\/\/handwaerker.ch\/web\/wp-json\/wp\/v2\/types\/page"}],"author":[{"embeddable":true,"href":"https:\/\/handwaerker.ch\/web\/wp-json\/wp\/v2\/users\/1"}],"replies":[{"embeddable":true,"href":"https:\/\/handwaerker.ch\/web\/wp-json\/wp\/v2\/comments?post=227"}],"version-history":[{"count":6,"href":"https:\/\/handwaerker.ch\/web\/wp-json\/wp\/v2\/pages\/227\/revisions"}],"predecessor-version":[{"id":295,"href":"https:\/\/handwaerker.ch\/web\/wp-json\/wp\/v2\/pages\/227\/revisions\/295"}],"wp:attachment":[{"href":"https:\/\/handwaerker.ch\/web\/wp-json\/wp\/v2\/media?parent=227"}],"curies":[{"name":"wp","href":"https:\/\/api.w.org\/{rel}","templated":true}]}}