{"id":96,"date":"2017-06-06T07:52:05","date_gmt":"2017-06-06T07:52:05","guid":{"rendered":"https:\/\/xn--handwrker-z2a.ch\/?page_id=96"},"modified":"2017-06-26T21:09:21","modified_gmt":"2017-06-26T21:09:21","slug":"dienstleistungen","status":"publish","type":"page","link":"https:\/\/handwaerker.ch\/web\/dienstleistungen\/","title":{"rendered":"Dienstleistungen"},"content":{"rendered":"<p>[et_pb_section bb_built=&#8220;1&#8243; admin_label=&#8220;Sektion&#8220; fullwidth=&#8220;on&#8220; specialty=&#8220;off&#8220;][et_pb_fullwidth_code admin_label=&#8220;Code f\u00fcr volle Breite&#8220; _builder_version=&#8220;3.0.50&#8243;]<div id=\"metaslider-id-111\" style=\"max-width: 1075px;\" class=\"ml-slider-3-108-0 metaslider metaslider-flex metaslider-111 ml-slider ms-theme-default nav-hidden\" role=\"region\" aria-label=\"home\" data-height=\"360\" data-width=\"1075\">\n    <div id=\"metaslider_container_111\">\n        <div id=\"metaslider_111\">\n            <ul class='slides'>\n                <li style=\"display: block; width: 100%;\" class=\"slide-124 ms-image \" aria-roledescription=\"slide\" data-date=\"2017-06-06 11:54:46\" data-filename=\"DSC00098.jpg\" data-slide-type=\"image\"><img loading=\"lazy\" decoding=\"async\" src=\"https:\/\/handwaerker.ch\/web\/wp-content\/uploads\/2017\/06\/DSC00098.jpg\" height=\"360\" width=\"1075\" alt=\"handw\u00e4rker.ch\" class=\"slider-111 slide-124 msDefaultImage\" title=\"handw\u00e4rker.ch\" \/><\/li>\n                <li style=\"display: none; width: 100%;\" class=\"slide-120 ms-image \" aria-roledescription=\"slide\" data-date=\"2017-06-06 11:46:59\" data-filename=\"DSC00101.jpg\" data-slide-type=\"image\"><img loading=\"lazy\" decoding=\"async\" src=\"https:\/\/handwaerker.ch\/web\/wp-content\/uploads\/2017\/06\/DSC00101.jpg\" height=\"360\" width=\"1075\" alt=\"handw\u00e4rker.ch\" class=\"slider-111 slide-120 msDefaultImage\" title=\"handw\u00e4rker.ch\" \/><\/li>\n                <li style=\"display: none; width: 100%;\" class=\"slide-113 ms-image \" aria-roledescription=\"slide\" data-date=\"2017-06-06 11:36:16\" data-filename=\"DSC00125.jpg\" data-slide-type=\"image\"><img loading=\"lazy\" decoding=\"async\" src=\"https:\/\/handwaerker.ch\/web\/wp-content\/uploads\/2017\/06\/DSC00125.jpg\" height=\"360\" width=\"1075\" alt=\"handw\u00e4rker.ch\" class=\"slider-111 slide-113 msDefaultImage\" title=\"handw\u00e4rker.ch\" \/><\/li>\n            <\/ul>\n        <\/div>\n        \n    <\/div>\n<\/div>[\/et_pb_fullwidth_code][\/et_pb_section][et_pb_section bb_built=&#8220;1&#8243; admin_label=&#8220;Sektion&#8220; fullwidth=&#8220;off&#8220; specialty=&#8220;off&#8220; _builder_version=&#8220;3.0.50&#8243; transparent_background=&#8220;off&#8220; allow_player_pause=&#8220;off&#8220; inner_shadow=&#8220;off&#8220; parallax=&#8220;off&#8220; parallax_method=&#8220;on&#8220; custom_padding=&#8220;0px||0px|&#8220; make_fullwidth=&#8220;off&#8220; use_custom_width=&#8220;off&#8220; width_unit=&#8220;on&#8220; make_equal=&#8220;off&#8220; use_custom_gutter=&#8220;off&#8220;][et_pb_row admin_label=&#8220;Zeile&#8220; background_position=&#8220;top_left&#8220; background_repeat=&#8220;repeat&#8220; background_size=&#8220;initial&#8220; _builder_version=&#8220;3.0.50&#8243; make_fullwidth=&#8220;off&#8220; use_custom_width=&#8220;off&#8220; width_unit=&#8220;on&#8220; use_custom_gutter=&#8220;off&#8220; custom_padding=&#8220;30px||20px|&#8220; allow_player_pause=&#8220;off&#8220; parallax=&#8220;off&#8220; parallax_method=&#8220;on&#8220; make_equal=&#8220;off&#8220; parallax_1=&#8220;off&#8220; parallax_method_1=&#8220;off&#8220;][et_pb_column type=&#8220;4_4&#8243;][et_pb_text admin_label=&#8220;Text&#8220; _builder_version=&#8220;3.0.50&#8243; background_layout=&#8220;light&#8220; text_orientation=&#8220;left&#8220; header_text_color=&#8220;#009933&#8243; border_style=&#8220;solid&#8220;]<\/p>\n<h1>Dienstleistungen<\/h1>\n<p>[\/et_pb_text][\/et_pb_column][\/et_pb_row][\/et_pb_section][et_pb_section bb_built=&#8220;1&#8243; admin_label=&#8220;Sektion&#8220; fullwidth=&#8220;off&#8220; specialty=&#8220;off&#8220; _builder_version=&#8220;3.0.50&#8243; custom_padding=&#8220;0px||0px|&#8220;][et_pb_row admin_label=&#8220;Zeile&#8220; background_position=&#8220;top_left&#8220; background_repeat=&#8220;repeat&#8220; background_size=&#8220;initial&#8220; _builder_version=&#8220;3.0.51&#8243; background_position_1=&#8220;top_left&#8220; background_repeat_1=&#8220;no-repeat&#8220; custom_margin=&#8220;0px||0px|&#8220; custom_padding=&#8220;0px||20px|&#8220;][et_pb_column type=&#8220;4_4&#8243;][et_pb_text admin_label=&#8220;Text&#8220; background_layout=&#8220;light&#8220; text_orientation=&#8220;left&#8220; border_style=&#8220;solid&#8220; background_position=&#8220;top_left&#8220; background_repeat=&#8220;repeat&#8220; background_size=&#8220;initial&#8220; _builder_version=&#8220;3.0.50&#8243; text_font_size=&#8220;18&#8243; text_line_height=&#8220;2em&#8220; custom_padding=&#8220;0px||0px|&#8220; custom_css_before=&#8220; &#8222;]<\/p>\n<ul class=\"fa-ul\">\n<li><i class=\"fa-li fa fa-arrow-right\"><\/i>Anschlagen und Montage von Fenstern, Hauseingangst\u00fcren und Zimmert\u00fcren<\/li>\n<li><i class=\"fa-li fa fa-arrow-right\"><\/i>Montage von Jalousie, Fensterl\u00e4den und Dachfenstern<\/li>\n<li><i class=\"fa-li fa fa-arrow-right\"><\/i>Innenausbauarbeiten wie, Isolation, Dampfbremse, Rosten, T\u00e4fern, Fermacell<\/li>\n<li><i class=\"fa-li fa fa-arrow-right\"><\/i>Kleine dazu geh\u00f6rende oder \u00fcbergreifende Zimmermannsarbeiten<\/li>\n<li><i class=\"fa-li fa fa-arrow-right\"><\/i>Vorbereiten und Verlegen von Parkett, Massivholzb\u00f6den, Laminat und Vinyl<\/li>\n<li><i class=\"fa-li fa fa-arrow-right\"><\/i>Einbauen, montieren von K\u00fcchen, Badezimmerm\u00f6bel und Schr\u00e4nke<\/li>\n<li><i class=\"fa-li fa fa-arrow-right\"><\/i>Montieren, einarbeiten von M\u00f6beln und Wohneinrichtungen Serviceschreiner f\u00fcr Reparaturen und Unterhalt<\/li>\n<li><i class=\"fa-li fa fa-arrow-right\"><\/i>Aufbauen, montieren und einrichten von Ausstellungen und Events<\/li>\n<\/ul>\n<p>[\/et_pb_text][\/et_pb_column][\/et_pb_row][\/et_pb_section]<\/p>\n","protected":false},"excerpt":{"rendered":"<p><div id=\"metaslider-id-111\" style=\"max-width: 1075px;\" class=\"ml-slider-3-108-0 metaslider metaslider-flex metaslider-111 ml-slider ms-theme-default nav-hidden nav-hidden\" role=\"region\" aria-label=\"home\" data-height=\"360\" data-width=\"1075\">\n    <div id=\"metaslider_container_111\">\n        <div id=\"metaslider_111\">\n            <ul class='slides'>\n                <li style=\"display: block; width: 100%;\" class=\"slide-113 ms-image \" aria-roledescription=\"slide\" data-date=\"2017-06-06 11:36:16\" data-filename=\"DSC00125.jpg\" data-slide-type=\"image\"><img loading=\"lazy\" decoding=\"async\" src=\"https:\/\/handwaerker.ch\/web\/wp-content\/uploads\/2017\/06\/DSC00125.jpg\" height=\"360\" width=\"1075\" alt=\"handw\u00e4rker.ch\" class=\"slider-111 slide-113 msDefaultImage\" title=\"handw\u00e4rker.ch\" \/><\/li>\n                <li style=\"display: none; width: 100%;\" class=\"slide-120 ms-image \" aria-roledescription=\"slide\" data-date=\"2017-06-06 11:46:59\" data-filename=\"DSC00101.jpg\" data-slide-type=\"image\"><img loading=\"lazy\" decoding=\"async\" src=\"https:\/\/handwaerker.ch\/web\/wp-content\/uploads\/2017\/06\/DSC00101.jpg\" height=\"360\" width=\"1075\" alt=\"handw\u00e4rker.ch\" class=\"slider-111 slide-120 msDefaultImage\" title=\"handw\u00e4rker.ch\" \/><\/li>\n                <li style=\"display: none; width: 100%;\" class=\"slide-124 ms-image \" aria-roledescription=\"slide\" data-date=\"2017-06-06 11:54:46\" data-filename=\"DSC00098.jpg\" data-slide-type=\"image\"><img loading=\"lazy\" decoding=\"async\" src=\"https:\/\/handwaerker.ch\/web\/wp-content\/uploads\/2017\/06\/DSC00098.jpg\" height=\"360\" width=\"1075\" alt=\"handw\u00e4rker.ch\" class=\"slider-111 slide-124 msDefaultImage\" title=\"handw\u00e4rker.ch\" \/><\/li>\n            <\/ul>\n        <\/div>\n        \n    <\/div>\n<\/div> Dienstleistungen Anschlagen und Montage von Fenstern, Hauseingangst\u00fcren und Zimmert\u00fcren Montage von Jalousie, Fensterl\u00e4den und Dachfenstern Innenausbauarbeiten wie, Isolation, Dampfbremse, Rosten, T\u00e4fern, Fermacell Kleine dazu geh\u00f6rende oder \u00fcbergreifende Zimmermannsarbeiten Vorbereiten und Verlegen von Parkett, Massivholzb\u00f6den, Laminat und Vinyl Einbauen, montieren von K\u00fcchen, Badezimmerm\u00f6bel und Schr\u00e4nke Montieren, einarbeiten von M\u00f6beln und Wohneinrichtungen Serviceschreiner f\u00fcr Reparaturen [&hellip;]<\/p>\n","protected":false},"author":1,"featured_media":0,"parent":0,"menu_order":0,"comment_status":"closed","ping_status":"closed","template":"","meta":{"_et_pb_use_builder":"on","_et_pb_old_content":"","_et_gb_content_width":"","footnotes":""},"class_list":["post-96","page","type-page","status-publish","hentry"],"yoast_head":"<!-- This site is optimized with the Yoast SEO plugin v27.4 - https:\/\/yoast.com\/product\/yoast-seo-wordpress\/ -->\n<title>Dienstleistungen - HandW\u00e4rker.ch GmbH<\/title>\n<meta name=\"description\" content=\"Fenster &amp; T\u00fcren, Innenausbau, Renovation, K\u00fcchen, Badezimmer; Ihr handw\u00e4rker Martin Portner aus Uebeschi\" \/>\n<meta name=\"robots\" content=\"index, follow, max-snippet:-1, max-image-preview:large, max-video-preview:-1\" \/>\n<link rel=\"canonical\" href=\"https:\/\/handwaerker.ch\/web\/dienstleistungen\/\" \/>\n<meta property=\"og:locale\" content=\"de_DE\" \/>\n<meta property=\"og:type\" content=\"article\" \/>\n<meta property=\"og:title\" content=\"Dienstleistungen - HandW\u00e4rker.ch GmbH\" \/>\n<meta property=\"og:description\" content=\"Fenster &amp; T\u00fcren, Innenausbau, Renovation, K\u00fcchen, Badezimmer; Ihr handw\u00e4rker Martin Portner aus Uebeschi\" \/>\n<meta property=\"og:url\" content=\"https:\/\/handwaerker.ch\/web\/dienstleistungen\/\" \/>\n<meta property=\"og:site_name\" content=\"HandW\u00e4rker.ch GmbH\" \/>\n<meta property=\"article:modified_time\" content=\"2017-06-26T21:09:21+00:00\" \/>\n<meta name=\"twitter:card\" content=\"summary_large_image\" \/>\n<meta name=\"twitter:label1\" content=\"Gesch\u00e4tzte Lesezeit\" \/>\n\t<meta name=\"twitter:data1\" content=\"2\u00a0Minuten\" \/>\n<script type=\"application\/ld+json\" class=\"yoast-schema-graph\">{\"@context\":\"https:\\\/\\\/schema.org\",\"@graph\":[{\"@type\":\"WebPage\",\"@id\":\"https:\\\/\\\/handwaerker.ch\\\/web\\\/dienstleistungen\\\/\",\"url\":\"https:\\\/\\\/handwaerker.ch\\\/web\\\/dienstleistungen\\\/\",\"name\":\"Dienstleistungen - HandW\u00e4rker.ch GmbH\",\"isPartOf\":{\"@id\":\"https:\\\/\\\/handwaerker.ch\\\/web\\\/#website\"},\"datePublished\":\"2017-06-06T07:52:05+00:00\",\"dateModified\":\"2017-06-26T21:09:21+00:00\",\"description\":\"Fenster & T\u00fcren, Innenausbau, Renovation, K\u00fcchen, Badezimmer; Ihr handw\u00e4rker Martin Portner aus Uebeschi\",\"breadcrumb\":{\"@id\":\"https:\\\/\\\/handwaerker.ch\\\/web\\\/dienstleistungen\\\/#breadcrumb\"},\"inLanguage\":\"de\",\"potentialAction\":[{\"@type\":\"ReadAction\",\"target\":[\"https:\\\/\\\/handwaerker.ch\\\/web\\\/dienstleistungen\\\/\"]}]},{\"@type\":\"BreadcrumbList\",\"@id\":\"https:\\\/\\\/handwaerker.ch\\\/web\\\/dienstleistungen\\\/#breadcrumb\",\"itemListElement\":[{\"@type\":\"ListItem\",\"position\":1,\"name\":\"Startseite\",\"item\":\"https:\\\/\\\/handwaerker.ch\\\/web\\\/\"},{\"@type\":\"ListItem\",\"position\":2,\"name\":\"Dienstleistungen\"}]},{\"@type\":\"WebSite\",\"@id\":\"https:\\\/\\\/handwaerker.ch\\\/web\\\/#website\",\"url\":\"https:\\\/\\\/handwaerker.ch\\\/web\\\/\",\"name\":\"HandW\u00e4rker.ch GmbH\",\"description\":\"Arbeiten in Holz...\",\"publisher\":{\"@id\":\"https:\\\/\\\/handwaerker.ch\\\/web\\\/#organization\"},\"potentialAction\":[{\"@type\":\"SearchAction\",\"target\":{\"@type\":\"EntryPoint\",\"urlTemplate\":\"https:\\\/\\\/handwaerker.ch\\\/web\\\/?s={search_term_string}\"},\"query-input\":{\"@type\":\"PropertyValueSpecification\",\"valueRequired\":true,\"valueName\":\"search_term_string\"}}],\"inLanguage\":\"de\"},{\"@type\":\"Organization\",\"@id\":\"https:\\\/\\\/handwaerker.ch\\\/web\\\/#organization\",\"name\":\"HandW\u00e4rker.ch GmbH\",\"url\":\"https:\\\/\\\/handwaerker.ch\\\/web\\\/\",\"logo\":{\"@type\":\"ImageObject\",\"inLanguage\":\"de\",\"@id\":\"https:\\\/\\\/handwaerker.ch\\\/web\\\/#\\\/schema\\\/logo\\\/image\\\/\",\"url\":\"https:\\\/\\\/i0.wp.com\\\/handwaerker.ch\\\/web\\\/wp-content\\\/uploads\\\/2017\\\/05\\\/logorgb.png?fit=393%2C55&ssl=1\",\"contentUrl\":\"https:\\\/\\\/i0.wp.com\\\/handwaerker.ch\\\/web\\\/wp-content\\\/uploads\\\/2017\\\/05\\\/logorgb.png?fit=393%2C55&ssl=1\",\"width\":393,\"height\":55,\"caption\":\"HandW\u00e4rker.ch GmbH\"},\"image\":{\"@id\":\"https:\\\/\\\/handwaerker.ch\\\/web\\\/#\\\/schema\\\/logo\\\/image\\\/\"}}]}<\/script>\n<!-- \/ Yoast SEO plugin. -->","yoast_head_json":{"title":"Dienstleistungen - HandW\u00e4rker.ch GmbH","description":"Fenster & T\u00fcren, Innenausbau, Renovation, K\u00fcchen, Badezimmer; Ihr handw\u00e4rker Martin Portner aus Uebeschi","robots":{"index":"index","follow":"follow","max-snippet":"max-snippet:-1","max-image-preview":"max-image-preview:large","max-video-preview":"max-video-preview:-1"},"canonical":"https:\/\/handwaerker.ch\/web\/dienstleistungen\/","og_locale":"de_DE","og_type":"article","og_title":"Dienstleistungen - HandW\u00e4rker.ch GmbH","og_description":"Fenster & T\u00fcren, Innenausbau, Renovation, K\u00fcchen, Badezimmer; Ihr handw\u00e4rker Martin Portner aus Uebeschi","og_url":"https:\/\/handwaerker.ch\/web\/dienstleistungen\/","og_site_name":"HandW\u00e4rker.ch GmbH","article_modified_time":"2017-06-26T21:09:21+00:00","twitter_card":"summary_large_image","twitter_misc":{"Gesch\u00e4tzte Lesezeit":"2\u00a0Minuten"},"schema":{"@context":"https:\/\/schema.org","@graph":[{"@type":"WebPage","@id":"https:\/\/handwaerker.ch\/web\/dienstleistungen\/","url":"https:\/\/handwaerker.ch\/web\/dienstleistungen\/","name":"Dienstleistungen - HandW\u00e4rker.ch GmbH","isPartOf":{"@id":"https:\/\/handwaerker.ch\/web\/#website"},"datePublished":"2017-06-06T07:52:05+00:00","dateModified":"2017-06-26T21:09:21+00:00","description":"Fenster & T\u00fcren, Innenausbau, Renovation, K\u00fcchen, Badezimmer; Ihr handw\u00e4rker Martin Portner aus Uebeschi","breadcrumb":{"@id":"https:\/\/handwaerker.ch\/web\/dienstleistungen\/#breadcrumb"},"inLanguage":"de","potentialAction":[{"@type":"ReadAction","target":["https:\/\/handwaerker.ch\/web\/dienstleistungen\/"]}]},{"@type":"BreadcrumbList","@id":"https:\/\/handwaerker.ch\/web\/dienstleistungen\/#breadcrumb","itemListElement":[{"@type":"ListItem","position":1,"name":"Startseite","item":"https:\/\/handwaerker.ch\/web\/"},{"@type":"ListItem","position":2,"name":"Dienstleistungen"}]},{"@type":"WebSite","@id":"https:\/\/handwaerker.ch\/web\/#website","url":"https:\/\/handwaerker.ch\/web\/","name":"HandW\u00e4rker.ch GmbH","description":"Arbeiten in Holz...","publisher":{"@id":"https:\/\/handwaerker.ch\/web\/#organization"},"potentialAction":[{"@type":"SearchAction","target":{"@type":"EntryPoint","urlTemplate":"https:\/\/handwaerker.ch\/web\/?s={search_term_string}"},"query-input":{"@type":"PropertyValueSpecification","valueRequired":true,"valueName":"search_term_string"}}],"inLanguage":"de"},{"@type":"Organization","@id":"https:\/\/handwaerker.ch\/web\/#organization","name":"HandW\u00e4rker.ch GmbH","url":"https:\/\/handwaerker.ch\/web\/","logo":{"@type":"ImageObject","inLanguage":"de","@id":"https:\/\/handwaerker.ch\/web\/#\/schema\/logo\/image\/","url":"https:\/\/i0.wp.com\/handwaerker.ch\/web\/wp-content\/uploads\/2017\/05\/logorgb.png?fit=393%2C55&ssl=1","contentUrl":"https:\/\/i0.wp.com\/handwaerker.ch\/web\/wp-content\/uploads\/2017\/05\/logorgb.png?fit=393%2C55&ssl=1","width":393,"height":55,"caption":"HandW\u00e4rker.ch GmbH"},"image":{"@id":"https:\/\/handwaerker.ch\/web\/#\/schema\/logo\/image\/"}}]}},"_links":{"self":[{"href":"https:\/\/handwaerker.ch\/web\/wp-json\/wp\/v2\/pages\/96","targetHints":{"allow":["GET"]}}],"collection":[{"href":"https:\/\/handwaerker.ch\/web\/wp-json\/wp\/v2\/pages"}],"about":[{"href":"https:\/\/handwaerker.ch\/web\/wp-json\/wp\/v2\/types\/page"}],"author":[{"embeddable":true,"href":"https:\/\/handwaerker.ch\/web\/wp-json\/wp\/v2\/users\/1"}],"replies":[{"embeddable":true,"href":"https:\/\/handwaerker.ch\/web\/wp-json\/wp\/v2\/comments?post=96"}],"version-history":[{"count":1,"href":"https:\/\/handwaerker.ch\/web\/wp-json\/wp\/v2\/pages\/96\/revisions"}],"predecessor-version":[{"id":257,"href":"https:\/\/handwaerker.ch\/web\/wp-json\/wp\/v2\/pages\/96\/revisions\/257"}],"wp:attachment":[{"href":"https:\/\/handwaerker.ch\/web\/wp-json\/wp\/v2\/media?parent=96"}],"curies":[{"name":"wp","href":"https:\/\/api.w.org\/{rel}","templated":true}]}}